{"id":3,"date":"2024-10-25T19:08:54","date_gmt":"2024-10-25T19:08:54","guid":{"rendered":"https:\/\/invitacionesconestilo.com\/celeste\/?page_id=3"},"modified":"2025-01-02T20:33:42","modified_gmt":"2025-01-03T02:33:42","slug":"politica-de-privacidad","status":"publish","type":"page","link":"https:\/\/invitacionesconestilo.com\/celeste\/politica-de-privacidad\/","title":{"rendered":"Pol\u00edtica de privacidad"},"content":{"rendered":"\t\t<div data-elementor-type=\"wp-page\" data-elementor-id=\"3\" class=\"elementor elementor-3\">\n\t\t\t\t<div class=\"has_eae_slider elementor-element elementor-element-5dd6066 e-flex e-con-boxed e-con e-parent\" data-eae-slider=\"91529\" data-id=\"5dd6066\" data-element_type=\"container\">\n\t\t\t\t\t<div class=\"e-con-inner\">\n\t\t\t\t<div class=\"elementor-element elementor-element-0f7248c elementor-widget elementor-widget-heading\" data-id=\"0f7248c\" data-element_type=\"widget\" data-widget_type=\"heading.default\">\n\t\t\t\t<div class=\"elementor-widget-container\">\n\t\t\t\t\t<h3 class=\"elementor-heading-title elementor-size-default\">Pol\u00edtica de privacidad<\/h3>\t\t\t\t<\/div>\n\t\t\t\t<\/div>\n\t\t\t\t<div class=\"elementor-element elementor-element-7460fcd elementor-widget elementor-widget-heading\" data-id=\"7460fcd\" data-element_type=\"widget\" data-widget_type=\"heading.default\">\n\t\t\t\t<div class=\"elementor-widget-container\">\n\t\t\t\t\t<h4 class=\"elementor-heading-title elementor-size-default\">invitacionesconestilo.com<\/h4>\t\t\t\t<\/div>\n\t\t\t\t<\/div>\n\t\t\t\t\t<\/div>\n\t\t\t\t<\/div>\n\t\t<div class=\"has_eae_slider elementor-element elementor-element-39914d4f e-flex e-con-boxed e-con e-parent\" data-eae-slider=\"55626\" data-id=\"39914d4f\" data-element_type=\"container\">\n\t\t\t\t\t<div class=\"e-con-inner\">\n\t\t\t\t<div class=\"elementor-element elementor-element-57bf5aa1 elementor-widget elementor-widget-text-editor\" data-id=\"57bf5aa1\" data-element_type=\"widget\" data-widget_type=\"text-editor.default\">\n\t\t\t\t<div class=\"elementor-widget-container\">\n\t\t\t\t\t\t\t\t\t<p class=\"p2\">Invitaciones con Estilo, es responsable de recabar sus datos personales necesarios para poder laborar en conjunto, as\u00ed como del uso y protecci\u00f3n que se le d\u00e9 a los mismos, de conformidad con la Ley Federal de Protecci\u00f3n de Datos Personales en Posesi\u00f3n de los Particulares.<\/p>\n<p class=\"p3\"><b>USO DE SUS DATOS PERSONALES<\/b><\/p>\n<p class=\"p2\">Sus datos personales ser\u00e1n utilizados con la finalidad de proveer los servicios y productos que solicite a trav\u00e9s de los medios electr\u00f3nicos utilizados por nosotros, para avisarle sobre posibles cambios en los mismos, notificarle ofertas y promociones, mantenerlo informado sobre nuestros servicios por temporada, valuar la calidad del servicio, realizar estudios o estad\u00edsticas internos sobre sus consumos, as\u00ed como informarle de concursos.<\/p>\n<p class=\"p3\"><b>DATOS PERSONALES QUE RECABAMOS<\/b><\/p>\n<p class=\"p2\">Para tales efectos, requerimos obtener los siguientes datos como nombre, apellido, ocupaci\u00f3n, domicilio laboral, direcci\u00f3n de correo electr\u00f3nico, n\u00famero telef\u00f3nico y otros datos necesarios para lograr un buen tiempo de respuesta de nuestros servicios. Sus datos personales ser\u00e1n recabados por nosotros de manera personal, alguna visita a sus instalaciones, \u00f3 cuando nos visite en nuestro sitio web.<\/p>\n<p class=\"p2\">Invitaciones con Estilo no recaba de sus clientes datos personales considerados sensibles conforme a la ley, ni recaba datos personales de menores de edad.<\/p>\n<p class=\"p3\"><b>NO TRANSMISI\u00d3N DE DATOS PERSONALES<\/b><\/p>\n<p class=\"p2\">Invitaciones con Estilo no prestar\u00e1, no vender\u00e1 y no alquilar\u00e1 los datos personales obtenidos; tampoco compartir\u00e1 los datos personales con un tercero, excepto que haya sido requerido en cumplimiento a disposiciones legales.<\/p>\n<p class=\"p3\"><b>PROTECCI\u00d3N DE LOS DATOS PERSONALES<\/b><\/p>\n<p class=\"p2\">Invitaciones con Estilo almacenar\u00e1 la informaci\u00f3n en un servidor seguro, dise\u00f1ado para obstaculizar el acceso desde afuera de la compa\u00f1\u00eda; realizaremos nuestro mejor esfuerzo para proteger los datos personales y har\u00e1 todo lo posible para salvaguardar la seguridad en nuestros sistemas.<\/p>\n<p class=\"p2\">Manejaremos sus datos personales recabados de manera confidencial, no obstante, no asumimos ninguna obligaci\u00f3n de mantener confidencial cualquier otra informaci\u00f3n que el titular proporcione, incluyendo aquella informaci\u00f3n que el titular facilite a trav\u00e9s de boletines y pl\u00e1ticas en l\u00ednea (chats).<\/p>\n<p class=\"p3\"><b>ACCESO, RECTIFICACI\u00d3N, CANCELACI\u00d3N Y OPOSICI\u00d3N DE LOS DATOS PERSONALES<\/b><\/p>\n<p class=\"p2\">Usted tiene derecho de acceder, rectificar y cancelar sus datos personales, as\u00ed como de oponerse al tratamiento de los mismos o revocar el consentimiento que para tal fin nos haya otorgado. Para ejercer dichos derechos, deber\u00e1 contactar a nuestra oficina de datos personales, cuyos datos son los siguientes:<\/p>\n<p class=\"p2\">\u2022 P\u00e1gina de Internet: www.invitacionesconestilo.com<br \/>\u2022 Tel\u00e9fono: +52 7771526982<br \/>\u2022 Correo electr\u00f3nico: hola@invitacionesconestilo.com<\/p>\n<p class=\"p2\">Es necesario que indique la causa de la cancelaci\u00f3n y proporcione su nombre completo y, en su caso, el n\u00famero de cliente proporcionado por nosotros; el tiempo para responder a su solicitud ser\u00e1 de m\u00e1ximo diez d\u00edas h\u00e1biles a de la fecha de la cancelaci\u00f3n.<\/p>\n<p class=\"p3\"><b>MENSAJES PROMOCIONALES<\/b><\/p>\n<p class=\"p2\">Usted puede dejar de recibir mensajes promocionales a su cuenta de email, contact\u00e1ndonos a www.invitacionesconestilo.com, indicando la causa de la cancelaci\u00f3n; es necesario que proporcione su nombre completo y, en su caso, su n\u00famero de cliente proporcionado por nosotros.<\/p>\n<p class=\"p3\"><b>MODIFICACIONES<\/b><\/p>\n<p class=\"p2\">Este aviso de privacidad puede tener cambios en el futuro, por lo que se recomienda contactarnos a www.invitacionesconestilo.com. Este aviso lo podr\u00e1 consultar en Aviso de privacidad.<\/p>\n<p class=\"p3\"><b>ACEPTACI\u00d3N DE T\u00c9RMINOS DEL AVISO<\/b><\/p>\n<p class=\"p2\">A trav\u00e9s del presente Aviso de Privacidad, Fernando Casta\u00f1eda da cumplimiento y est\u00e1 sujeto a las disposiciones de la Ley Federal de Protecci\u00f3n de Datos Personales en Posesi\u00f3n de los Particulares. Si el titular utiliza nuestros servicios significa que ha le\u00eddo, entendido y manifestado su consentimiento respecto los t\u00e9rminos y disposiciones expuestos. Si no est\u00e1 de acuerdo con ellos, el titular no deber\u00e1 proporcionar ning\u00fan dato personal, ni utilizar los servicios del sitio. invitacionesconestilo.com, es responsable de recabar sus datos personales necesarios para poder laborar en conjunto, as\u00ed como del uso y protecci\u00f3n que se le d\u00e9 a los mismos, de conformidad con la Ley Federal de Protecci\u00f3n de Datos Personales en Posesi\u00f3n de los Particulares.<\/p>\t\t\t\t\t\t\t\t<\/div>\n\t\t\t\t<\/div>\n\t\t\t\t\t<\/div>\n\t\t\t\t<\/div>\n\t\t\t\t<\/div>\n\t\t","protected":false},"excerpt":{"rendered":"<p>Pol\u00edtica de privacidad invitacionesconestilo.com Invitaciones con Estilo, es responsable de recabar sus datos personales necesarios para poder laborar en conjunto, as\u00ed como del uso y protecci\u00f3n que se le d\u00e9 a los mismos, de conformidad con la Ley Federal de Protecci\u00f3n de Datos Personales en Posesi\u00f3n de los Particulares. USO DE SUS DATOS PERSONALES Sus [&hellip;]<\/p>\n","protected":false},"author":1,"featured_media":0,"parent":0,"menu_order":0,"comment_status":"closed","ping_status":"closed","template":"","meta":{"inline_featured_image":false,"site-sidebar-layout":"default","site-content-layout":"","ast-site-content-layout":"","site-content-style":"default","site-sidebar-style":"default","ast-global-header-display":"","ast-banner-title-visibility":"","ast-main-header-display":"","ast-hfb-above-header-display":"","ast-hfb-below-header-display":"","ast-hfb-mobile-header-display":"","site-post-title":"","ast-breadcrumbs-content":"","ast-featured-img":"","footer-sml-layout":"","theme-transparent-header-meta":"","adv-header-id-meta":"","stick-header-meta":"","header-above-stick-meta":"","header-main-stick-meta":"","header-below-stick-meta":"","astra-migrate-meta-layouts":"default","ast-page-background-enabled":"default","ast-page-background-meta":{"desktop":{"background-color":"","background-image":"","background-repeat":"repeat","background-position":"center center","background-size":"auto","background-attachment":"scroll","background-type":"","background-media":"","overlay-type":"","overlay-color":"","overlay-opacity":"","overlay-gradient":""},"tablet":{"background-color":"","background-image":"","background-repeat":"repeat","background-position":"center center","background-size":"auto","background-attachment":"scroll","background-type":"","background-media":"","overlay-type":"","overlay-color":"","overlay-opacity":"","overlay-gradient":""},"mobile":{"background-color":"","background-image":"","background-repeat":"repeat","background-position":"center center","background-size":"auto","background-attachment":"scroll","background-type":"","background-media":"","overlay-type":"","overlay-color":"","overlay-opacity":"","overlay-gradient":""}},"ast-content-background-meta":{"desktop":{"background-color":"var(--ast-global-color-5)","background-image":"","background-repeat":"repeat","background-position":"center center","background-size":"auto","background-attachment":"scroll","background-type":"","background-media":"","overlay-type":"","overlay-color":"","overlay-opacity":"","overlay-gradient":""},"tablet":{"background-color":"var(--ast-global-color-5)","background-image":"","background-repeat":"repeat","background-position":"center center","background-size":"auto","background-attachment":"scroll","background-type":"","background-media":"","overlay-type":"","overlay-color":"","overlay-opacity":"","overlay-gradient":""},"mobile":{"background-color":"var(--ast-global-color-5)","background-image":"","background-repeat":"repeat","background-position":"center center","background-size":"auto","background-attachment":"scroll","background-type":"","background-media":"","overlay-type":"","overlay-color":"","overlay-opacity":"","overlay-gradient":""}},"footnotes":""},"class_list":["post-3","page","type-page","status-publish","hentry"],"_links":{"self":[{"href":"https:\/\/invitacionesconestilo.com\/celeste\/wp-json\/wp\/v2\/pages\/3","targetHints":{"allow":["GET"]}}],"collection":[{"href":"https:\/\/invitacionesconestilo.com\/celeste\/wp-json\/wp\/v2\/pages"}],"about":[{"href":"https:\/\/invitacionesconestilo.com\/celeste\/wp-json\/wp\/v2\/types\/page"}],"author":[{"embeddable":true,"href":"https:\/\/invitacionesconestilo.com\/celeste\/wp-json\/wp\/v2\/users\/1"}],"replies":[{"embeddable":true,"href":"https:\/\/invitacionesconestilo.com\/celeste\/wp-json\/wp\/v2\/comments?post=3"}],"version-history":[{"count":14,"href":"https:\/\/invitacionesconestilo.com\/celeste\/wp-json\/wp\/v2\/pages\/3\/revisions"}],"predecessor-version":[{"id":2030,"href":"https:\/\/invitacionesconestilo.com\/celeste\/wp-json\/wp\/v2\/pages\/3\/revisions\/2030"}],"wp:attachment":[{"href":"https:\/\/invitacionesconestilo.com\/celeste\/wp-json\/wp\/v2\/media?parent=3"}],"curies":[{"name":"wp","href":"https:\/\/api.w.org\/{rel}","templated":true}]}}